{"id":53735,"date":"2023-08-04T12:49:56","date_gmt":"2023-08-04T10:49:56","guid":{"rendered":"https:\/\/www.dakimakura.store\/products\/coussin-dakimakura\/"},"modified":"2023-07-31T20:48:57","modified_gmt":"2023-07-31T18:48:57","slug":"cojin-dakimakura","status":"publish","type":"product","link":"https:\/\/dakimakura.store\/es\/products\/cojin-dakimakura\/","title":{"rendered":"Coj\u00edn Dakimakura"},"content":{"rendered":"<h2>El coj\u00edn dakimakura: un compa\u00f1ero de sue\u00f1o imprescindible para noches dulces y reparadoras<\/h2>\n<p>\u00bfEst\u00e1s buscando una forma de mejorar la calidad de tu sue\u00f1o mientras disfrutas de la m\u00e1xima comodidad? No busques m\u00e1s, el coj\u00edn dakimakura est\u00e1 aqu\u00ed para satisfacer tus necesidades. Esta almohada excepcional combina suavidad, soporte y estilo, brind\u00e1ndote noches tranquilas y placenteras. Ya sea que busques un compa\u00f1ero para dormir, una almohada relajante o un regalo original, el coj\u00edn dakimakura es perfecto para ti.<\/p>\n<h2>\u00bfQu\u00e9 es un coj\u00edn dakimakura?<\/h2>\n<p>El coj\u00edn dakimakura es una almohada rectangular, a menudo utilizada como soporte para los fan\u00e1ticos del anime, videojuegos y la cultura japonesa. Generalmente, est\u00e1 cubierto con una funda impresa que destaca personajes de manga, ilustraciones art\u00edsticas o dise\u00f1os personalizados. Gracias a su forma alargada y textura mullida, el coj\u00edn dakimakura ofrece un soporte \u00f3ptimo para el cuello, los hombros y la espalda, lo que te permite relajarte completamente durante el sue\u00f1o.<\/p>\n<h2>Las cualidades intr\u00ednsecas del coj\u00edn dakimakura<\/h2>\n<p>Una de las ventajas notables del coj\u00edn dakimakura es su versatilidad. Disponible en varias tallas, puedes elegir la que mejor se adapte a tus preferencias y a tu cama. Ya sea que elijas un tama\u00f1o est\u00e1ndar o una versi\u00f3n m\u00e1s grande, puedes estar seguro de encontrar una almohada adecuada para ti. Adem\u00e1s, el coj\u00edn dakimakura a menudo est\u00e1 dise\u00f1ado para ser reversible, lo que te permite cambiar de dise\u00f1o y ambiente seg\u00fan tu estado de \u00e1nimo.<\/p>\n<p>La calidad de tu sue\u00f1o es primordial, y aqu\u00ed es donde el coj\u00edn dakimakura se destaca. Su textura suave y mullida te envuelve delicadamente, brind\u00e1ndote una comodidad suprema para noches de ensue\u00f1o. Ya sea que duermas boca abajo, boca arriba o de lado, esta almohada se adapta perfectamente a tu posici\u00f3n de sue\u00f1o, aliviando tensiones y favoreciendo una correcta alineaci\u00f3n de la columna vertebral. Gracias a su \u00f3ptimo soporte, el coj\u00edn dakimakura ayuda a prevenir dolores de espalda y molestias cervicales, permiti\u00e9ndote despertar revitalizado y listo para enfrentar el d\u00eda.<\/p>\n<h2>Un compa\u00f1ero de sue\u00f1o para combatir la soledad<\/h2>\n<p>El coj\u00edn dakimakura no se limita solo a sus cualidades para el sue\u00f1o, tambi\u00e9n es un aliado para combatir la soledad. Imag\u00ednate abrazado(a) a tu husbando o waifu favorito, sinti\u00e9ndote rodeado(a) de calor y cari\u00f1o. Esta almohada es mucho m\u00e1s que un simple objeto, se convierte en un verdadero compa\u00f1ero nocturno que te brinda consuelo y un sentido de pertenencia. Te permite crear una conexi\u00f3n emocional con el personaje representado en la funda, d\u00e1ndote la sensaci\u00f3n de estar en buena compa\u00f1\u00eda, incluso cuando est\u00e1s solo(a).<\/p>\n<h2>Amor y comodidad al alcance de un abrazo<\/h2>\n<p>El simple acto de abrazar un coj\u00edn dakimakura puede generar un inmenso sentimiento de amor y comodidad. Puedes entregarte a un momento de relajaci\u00f3n acurruc\u00e1ndote contra tu almohada, sintiendo toda la suavidad y calidez que ofrece. La agradable sensaci\u00f3n t\u00e1ctil de su superficie mullida proporciona una sensaci\u00f3n tranquilizadora, reduciendo el estr\u00e9s y favoreciendo la relajaci\u00f3n. Abrazar un coj\u00edn dakimakura puede ser una fuente de consuelo en momentos de tristeza o soledad, brind\u00e1ndote una sensaci\u00f3n de seguridad y bienestar.<\/p>\n<h2>Un regalo original y \u00fanico para ofrecer<\/h2>\n<p>Adem\u00e1s de ser un compa\u00f1ero de sue\u00f1o y un aliado contra la soledad, el coj\u00edn dakimakura es un regalo original para tus seres queridos o para ti mismo. Ya sea para un cumplea\u00f1os, una ocasi\u00f3n especial o simplemente para hacer feliz a alguien, esta almohada personalizada es una idea \u00fanica que sorprender\u00e1 y deleitar\u00e1 a su destinatario. Regalar un coj\u00edn dakimakura significa ofrecer una experiencia de sue\u00f1o mejorada, una sensaci\u00f3n de cercan\u00eda con un personaje querido y una atenci\u00f3n que no pasar\u00e1 desapercibida.<\/p>\n<h2>Nuestro servicio al cliente: a tu disposici\u00f3n<\/h2>\n<p>Estamos orgullosos de ofrecerte un servicio al cliente de calidad superior. Nuestro equipo dedicado est\u00e1 aqu\u00ed para responder a todas tus preguntas, guiarte en la elecci\u00f3n de tu coj\u00edn dakimakura y brindarte una experiencia de compra sin preocupaciones. Nos comprometemos a proporcionarte productos de la m\u00e1s alta calidad y ofrecerte un servicio personalizado para garantizar tu total satisfacci\u00f3n. No dudes en contactarnos, estaremos encantados de ayudarte en tu b\u00fasqueda del coj\u00edn dakimakura perfecto.<\/p>\n<p>En conclusi\u00f3n, el coj\u00edn dakimakura es mucho m\u00e1s que una simple almohada. Ofrece una experiencia de sue\u00f1o mejorada, compa\u00f1\u00eda c\u00e1lida, comodidad suprema y la posibilidad de conectarte con personajes queridos. Ofreciendo una combinaci\u00f3n perfecta de practicidad y est\u00e9tica, este coj\u00edn es imprescindible para los amantes de la cultura japonesa, los apasionados del anime y todos aquellos que buscan un sue\u00f1o de calidad. No comprometas tu comodidad y bienestar, d\u00e9jate seducir por las m\u00faltiples cualidades del coj\u00edn dakimakura y descubre el placer de noches tranquilas y reparadoras.<\/p>\n","protected":false},"excerpt":{"rendered":"<ul>\n<li><strong>Env\u00edo gratuito para cualquier pedido.<\/strong><\/li>\n<li><strong>Almohada suave y c\u00f3moda<\/strong> para abrazar, ideal para tener una buena noche de descanso.<\/li>\n<li>Material:\n<ul>\n<li>Funda: <strong>100% poli\u00e9ster<\/strong>.<\/li>\n<li>Relleno: <strong>Poli\u00e9ster y algod\u00f3n<\/strong>.<\/li>\n<\/ul>\n<\/li>\n<li><strong>Lavable a m\u00e1quina<\/strong>.<\/li>\n<li><strong>Garantizamos discreci\u00f3n<\/strong>: el paquete y el recibo de pago no mencionan &#8220;Dakimakura Store&#8221;.<\/li>\n<\/ul>\n","protected":false},"featured_media":24369,"comment_status":"closed","ping_status":"open","template":"","meta":{"_monsterinsights_skip_tracking":false,"_monsterinsights_sitenote_active":false,"_monsterinsights_sitenote_note":"","_monsterinsights_sitenote_category":0},"product_brand":[],"product_cat":[9538,4084],"product_tag":[],"class_list":{"0":"post-53735","1":"product","2":"type-product","3":"status-publish","4":"has-post-thumbnail","6":"product_cat-no-clasificado","7":"product_cat-non-classe","8":"pa_tamano-40x120cm","9":"pa_tamano-50x150cm","10":"pa_tamano-50x160cm","12":"first","13":"instock","14":"product-type-variable"},"_links":{"self":[{"href":"https:\/\/dakimakura.store\/es\/wp-json\/wp\/v2\/product\/53735","targetHints":{"allow":["GET"]}}],"collection":[{"href":"https:\/\/dakimakura.store\/es\/wp-json\/wp\/v2\/product"}],"about":[{"href":"https:\/\/dakimakura.store\/es\/wp-json\/wp\/v2\/types\/product"}],"replies":[{"embeddable":true,"href":"https:\/\/dakimakura.store\/es\/wp-json\/wp\/v2\/comments?post=53735"}],"version-history":[{"count":0,"href":"https:\/\/dakimakura.store\/es\/wp-json\/wp\/v2\/product\/53735\/revisions"}],"wp:featuredmedia":[{"embeddable":true,"href":"https:\/\/dakimakura.store\/es\/wp-json\/wp\/v2\/media\/24369"}],"wp:attachment":[{"href":"https:\/\/dakimakura.store\/es\/wp-json\/wp\/v2\/media?parent=53735"}],"wp:term":[{"taxonomy":"product_brand","embeddable":true,"href":"https:\/\/dakimakura.store\/es\/wp-json\/wp\/v2\/product_brand?post=53735"},{"taxonomy":"product_cat","embeddable":true,"href":"https:\/\/dakimakura.store\/es\/wp-json\/wp\/v2\/product_cat?post=53735"},{"taxonomy":"product_tag","embeddable":true,"href":"https:\/\/dakimakura.store\/es\/wp-json\/wp\/v2\/product_tag?post=53735"}],"curies":[{"name":"wp","href":"https:\/\/api.w.org\/{rel}","templated":true}]}}