{"id":89311,"date":"2023-06-30T18:50:48","date_gmt":"2023-06-30T16:50:48","guid":{"rendered":"https:\/\/www.dakimakura.store\/warunki-ogolne\/"},"modified":"2023-08-07T10:16:45","modified_gmt":"2023-08-07T08:16:45","slug":"warunki-ogolne","status":"publish","type":"page","link":"https:\/\/dakimakura.store\/pl\/warunki-ogolne\/","title":{"rendered":"Warunki Og\u00f3lne"},"content":{"rendered":"\t\t<div data-elementor-type=\"wp-page\" data-elementor-id=\"89311\" class=\"elementor elementor-89311 elementor-23969\">\n\t\t\t\t\t\t<section class=\"wd-negative-gap elementor-section elementor-top-section elementor-element elementor-element-5380b5b elementor-section-boxed elementor-section-height-default elementor-section-height-default\" data-id=\"5380b5b\" data-element_type=\"section\">\n\t\t\t\t\t\t<div class=\"elementor-container elementor-column-gap-default\">\n\t\t\t\t\t<div class=\"elementor-column elementor-col-100 elementor-top-column elementor-element elementor-element-ec0206d\" data-id=\"ec0206d\" data-element_type=\"column\">\n\t\t\t<div class=\"elementor-widget-wrap elementor-element-populated\">\n\t\t\t\t\t\t<div class=\"elementor-element elementor-element-c37d222 elementor-widget elementor-widget-wd_text_block\" data-id=\"c37d222\" data-element_type=\"widget\" data-widget_type=\"wd_text_block.default\">\n\t\t\t\t<div class=\"elementor-widget-container\">\n\t\t\t\t\t\t\t<div class=\"wd-text-block reset-last-child text-left\">\n\t\t\t\n\t\t\t<h1>Warunki korzystania<\/h1><h2>ARTYKU\u0141 1: ZAKRES STOSOWANIA<\/h2><p>Niniejsze og\u00f3lne warunki sprzeda\u017cy obowi\u0105zuj\u0105 we wszystkich transakcjach sprzeda\u017cy dokonywanych za po\u015brednictwem strony internetowej <a href=\"https:\/\/dakimakura.store\/\">https:\/\/dakimakura.store\/<\/a><\/p><h2>ARTYKU\u0141 2: ZAM\u00d3WIENIA<\/h2><p>Systemy automatycznego zapisu s\u0105 uwa\u017cane za dow\u00f3d na charakter i zawarto\u015b\u0107 zam\u00f3wienia. Dakimakura Store\u00ae potwierdza akceptacj\u0119 zam\u00f3wienia klientowi na adres e-mail podany przez klienta. Sprzeda\u017c zostanie zawarta po zaakceptowaniu przez Dakimakura Store\u00ae p\u0142atno\u015bci za zam\u00f3wienie, czyli od daty zatwierdzenia p\u0142atno\u015bci dla zam\u00f3wie\u0144 op\u0142aconych online kart\u0105 kredytow\u0105 lub od daty otrzymania p\u0142atno\u015bci czekiem. Dakimakura Store\u00ae zastrzega sobie w ka\u017cdym przypadku prawo do odmowy lub anulowania zam\u00f3wienia klienta, z kt\u00f3rym istnieje sp\u00f3r dotycz\u0105cy p\u0142atno\u015bci za wcze\u015bniejsze zam\u00f3wienie.   <\/p><h2>ARTYKU\u0141 3: DOST\u0118PNO\u015a\u0106 ARTYKU\u0141\u00d3W<\/h2><p>Oferowane produkty i ich ceny s\u0105 wa\u017cne, dop\u00f3ki s\u0105 widoczne na stronie internetowej. Dost\u0119pno\u015b\u0107 wskazana w momencie przegl\u0105dania strony przez klienta zale\u017cy od stanu zapas\u00f3w w Dakimakura Store\u00ae oraz u dostawc\u00f3w. <\/p><p>W celu stworzenia naszego asortymentu i katalogu sprzeda\u017cowego korzystamy z baz danych wzbogaconych o informacje przekazywane przez naszych dostawc\u00f3w. Baza danych ta zawiera ponad sto artyku\u0142\u00f3w, przy czym nie wszystkie s\u0105 przechowywane w naszych magazynach, a nasza oferta zale\u017cy od dost\u0119pno\u015bci artyku\u0142\u00f3w u dostawc\u00f3w. <\/p><p>Tylko trwa\u0142e wyczerpanie artyku\u0142u u naszych dostawc\u00f3w skutkuje usuni\u0119ciem go z naszej oferty sprzeda\u017cowej. W innych przypadkach mo\u017cliwe jest z\u0142o\u017cenie nowego zam\u00f3wienia w okre\u015blonym czasie. <\/p><p>Kiedy dany produkt jest niedost\u0119pny w zam\u00f3wieniu, klient zostaje poinformowany drog\u0105 elektroniczn\u0105 lub na fakturze produkt\u00f3w wys\u0142anych w przypadku zam\u00f3wienia wielu artyku\u0142\u00f3w.<\/p><p>Termin dostawy zam\u00f3wienia: podczas sk\u0142adania zam\u00f3wienia i na potwierdzeniu zam\u00f3wienia klientom przekazywany jest termin dostawy. Oblicza si\u0119 go poprzez dodanie najd\u0142u\u017cszego terminu dost\u0119pno\u015bci produktu do czasu dostarczenia wybranego przez klienta \u015brodka transportu. <\/p><p>Od momentu z\u0142o\u017cenia zam\u00f3wienia do momentu jego wysy\u0142ki klient ma mo\u017cliwo\u015b\u0107 anulowania zam\u00f3wienia.<\/p><p>Szczeg\u00f3lne uwagi:<\/p><p>Artyku\u0142y w przedsprzeda\u017cy: Artyku\u0142y, kt\u00f3re maj\u0105 si\u0119 ukaza\u0107, s\u0105 oferowane na stronie <a href=\"https:\/\/dakimakura.store\/\" target=\"_blank\" rel=\"noopener\">https:\/\/dakimakura.store\/<\/a> w przedsprzeda\u017cy. Ta rezerwacja jest dokonywana z podaniem daty wydania og\u0142oszonej przez wydawc\u0119 w chwili otwarcia fazy rezerwacji. Ta data wydania mo\u017ce by\u0107 zmieniona w dowolnym momencie przez wydawc\u0119, kt\u00f3ry jest jedynym odpowiedzialnym za komercjalizacj\u0119 swojego produktu. <\/p><p>W ka\u017cdym przypadku, Dakimakura Store\u00ae stara si\u0119, aby od daty ostatecznej sprzeda\u017cy, wys\u0142a\u0107 artyku\u0142y do klient\u00f3w, kt\u00f3rzy dokonali rezerwacji, w miar\u0119 dost\u0119pno\u015bci zapas\u00f3w dostarczonych przez wydawc\u0119 w dniu premiery.<\/p><h2>ARTYKU\u0141 4: CENA<\/h2><p>Ceny podane w euro s\u0105 uwa\u017cane za cen\u0119 netto, wy\u0142\u0105czaj\u0105c koszty przesy\u0142ki. Cena ta obejmuje koszt produkt\u00f3w, op\u0142aty za obs\u0142ug\u0119, pakowanie i przechowywanie. Mog\u0105 by\u0107 one zmieniane w dowolnym momencie bez uprzedzenia, przy czym artyku\u0142y b\u0119d\u0105 fakturowane na podstawie obowi\u0105zuj\u0105cej stawki w chwili z\u0142o\u017cenia zam\u00f3wienia. Wszystkie zam\u00f3wienia s\u0105 fakturowane i p\u0142atne w euro. Ewentualne op\u0142aty celne lub lokalne podatki pozostaj\u0105 w gestii odbiorcy.    <\/p><h2>ARTYKU\u0141 5: KOSZTY PRZESY\u0141KI<\/h2><p>Koszty przesy\u0142ki zawieraj\u0105 op\u0142at\u0119 za przygotowanie, pakowanie oraz op\u0142at\u0119 pocztow\u0105. Prosz\u0119 pami\u0119ta\u0107 o sk\u0142adaniu wszystkich zam\u00f3wie\u0144 w jednym zam\u00f3wieniu. Nie mo\u017cemy \u0142\u0105czy\u0107 dw\u00f3ch odr\u0119bnych zam\u00f3wie\u0144 i koszty przesy\u0142ki zostan\u0105 naliczone osobno dla ka\u017cdego z nich.  <\/p><h2>ARTYKU\u0141 6: P\u0141ATNO\u015a\u0106<\/h2><p>Masz do wyboru wiele metod p\u0142atno\u015bci, kt\u00f3re zapewniaj\u0105 maksimum bezpiecze\u0144stwa. Mo\u017cesz zap\u0142aci\u0107: <\/p><p>- Przez kart\u0119 kredytow\u0105 lub debetow\u0105 (Visa, Eurocard\/Mastercard), bezpo\u015brednio na stronie internetowej w formularzu p\u0142atno\u015bci dost\u0119pnym podczas procesu zam\u00f3wienia (wprowadzane bezpiecznie za pomoc\u0105 szyfrowania SSL), podaj\u0105c rodzaj karty, numer karty (bez spacji mi\u0119dzy cyframi), numer kontrolny (znajduj\u0105cy si\u0119 na odwrocie karty) oraz dat\u0119 wa\u017cno\u015bci.<\/p><p>Masz do dyspozycji r\u00f3\u017cne sposoby p\u0142atno\u015bci, a nawet mo\u017cesz skorzysta\u0107 z udogodnie\u0144 p\u0142atno\u015bci kart\u0105 kredytow\u0105.<\/p><p>Le paiement est effectu\u00e9, au choix, sur les serveurs bancaires s\u00e9curis\u00e9s de nos partenaires. Cela signifie qu'aucune information bancaire vous concernant ne transite via le site <a href=\"https:\/\/dakimakura.store\/\">https:\/\/dakimakura.store\/<\/a>. <\/p><p>P\u0142atno\u015b\u0107 kart\u0105 kredytow\u0105 jest w pe\u0142ni bezpieczna; Twoje zam\u00f3wienie zostanie zarejestrowane i zatwierdzone po zaakceptowaniu p\u0142atno\u015bci przez bank.<\/p><h2>Artyku\u0142 7: Dostawa<\/h2><p>Dostarczamy zam\u00f3wienia bezpo\u015brednio do domu klienta lub do punktu odbioru. Czas dostawy obejmuje czas przygotowania paczki oraz czas dostawy. Dakimakura Store\u00ae realizuje dostawy na ca\u0142ym \u015bwiecie. Kupuj\u0105cy jest informowany o r\u00f3\u017cnych etapach \u015bledzenia swojego zam\u00f3wienia za pomoc\u0105 wiadomo\u015bci e-mail: o etapie przygotowania oraz o etapie dostawy.   <\/p><p>Czas dostawy obejmuje czas przygotowania zam\u00f3wienia oraz dostaw\u0119 zapewnion\u0105 przez naszego przewo\u017anika. Zapowiedziany czas dostawy od 10 do 20 dni jest wa\u017cny od momentu otrzymania przez nabywc\u0119 e-maila potwierdzaj\u0105cego wysy\u0142k\u0119 zam\u00f3wienia. Czas dostawy podany przez przewo\u017anika nie zobowi\u0105zuje Dakimakura Store\u00ae do dostarczenia w d\u0142u\u017cszym terminie.  <\/p><h2>ARTYKU\u0141 8: GWARANCJA - ZWROTY - ZWROTY PIENI\u0118DZY - PRAWO ODST\u0104PIENIA<\/h2><p>Artyku\u0142y dostarczane przez <a href=\"https:\/\/dakimakura.store\/\">https:\/\/dakimakura.store\/<\/a> s\u0105 nowe i obj\u0119te gwarancj\u0105 na wady. S\u0105 identyczne jak te dost\u0119pne w tradycyjnych sklepach i pochodz\u0105 od wszystkich wydawc\u00f3w i dostawc\u00f3w wymienionych w sklepie.<\/p><p>Je\u017celi artyku\u0142 okaza\u0142by si\u0119 wadliwy lub niezgodny, kupuj\u0105cy ma 15 dni roboczych od otrzymania artyku\u0142\u00f3w, aby poprosi\u0107 o wymian\u0119 lub zwrot. Je\u015bli termin pi\u0119tnastu (15) dni up\u0142ywa w sobot\u0119, niedziel\u0119 lub \u015bwi\u0119to, zostaje przed\u0142u\u017cony do pierwszego nast\u0119pnego dnia roboczego. <\/p><p>Klient musi odes\u0142a\u0107 nowe lub nieu\u017cywane artyku\u0142y w ca\u0142o\u015bci, w oryginalnych opakowaniach, nietkni\u0119te, razem z ewentualnymi akcesoriami, instrukcjami obs\u0142ugi i dokumentacj\u0105 (w oryginalnej folii cellofanowej i z odpowiadaj\u0105c\u0105 faktur\u0105). W takiej sytuacji, kupuj\u0105cy powinien przes\u0142a\u0107 dow\u00f3d wad(y) na adres <a href=\"mailto:contact@dakimakura.store\">contact@dakimakura.store<\/a> (opis i za\u0142\u0105czone zdj\u0119cia). <\/p><p>W przypadku skorzystania z prawa do odst\u0105pienia od umowy, Dakimakura Store\u00ae zobowi\u0105zuje si\u0119 do zwrotu wszystkich wp\u0142aconych przez klienta sum, bez dodatkowych koszt\u00f3w, z wyj\u0105tkiem koszt\u00f3w zwrotu towaru. Zwrot pieni\u0119dzy nast\u0119puje w ci\u0105gu maksymalnie 14 dni roboczych od daty otrzymania zwr\u00f3conych paczek. <\/p><p>Koszty przesy\u0142ki zwrotnej pozostaj\u0105 wtedy do zap\u0142acenia przez klienta.<\/p><p>W przypadku zwrotu, gwarantujemy, \u017ce zwrot zostanie dokonany w terminie nieprzekraczaj\u0105cym 14 dni od daty otrzymania zwr\u00f3conej paczki. \u017badne przesy\u0142ki za pobraniem nie b\u0119d\u0105 akceptowane, bez wzgl\u0119du na przyczyn\u0119. <\/p><h2>ARTYKU\u0141 9: PRZENIESIENIE W\u0141ASNO\u015aCI - PRZENIESIENIE RYZYKA<\/h2><p>Przeniesienie w\u0142asno\u015bci produkt\u00f3w na rzecz nabywcy nast\u0105pi dopiero po pe\u0142nym zap\u0142aceniu ceny przez nabywc\u0119, niezale\u017cnie od daty dostawy tych produkt\u00f3w. Natomiast przeniesienie ryzyka utraty i uszkodzenia produkt\u00f3w nast\u0105pi od momentu dostawy i odbioru tych produkt\u00f3w przez nabywc\u0119. <\/p><h2>ARTYKU\u0141 10: OCHRONA TWOICH DANYCH OSOBOWYCH<\/h2><p>Dakimakura Store\u00ae jest producentem i w\u0142a\u015bcicielem ca\u0142o\u015bci lub cz\u0119\u015bci baz danych sk\u0142adaj\u0105cych si\u0119 na niniejsz\u0105 stron\u0119. Poprzez dost\u0119p do niniejszej strony, klient uznaje, \u017ce dane sk\u0142adaj\u0105ce si\u0119 na ni\u0105 s\u0105 prawomocnie chronione, i zobowi\u0105zuje si\u0119 w szczeg\u00f3lno\u015bci do nie wydobywania, ponownego wykorzystywania, przechowywania, reprodukowania, prezentowania ani przechowywania, bezpo\u015brednio lub po\u015brednio, na jakimkolwiek no\u015bniku, za pomoc\u0105 dowolnych \u015brodk\u00f3w i w dowolnej formie, ca\u0142o\u015bci lub istotnej cz\u0119\u015bci zar\u00f3wno jako\u015bciowo, jak i ilo\u015bciowo, zawarto\u015bci baz danych znajduj\u0105cych si\u0119 na stronie, do kt\u00f3rej uzyskuje dost\u0119p. <\/p><h2>ARTYKU\u0141 11: ODPOWIEDZIALNO\u015a\u0106<\/h2><p>Opisy produkt\u00f3w znajduj\u0105cych si\u0119 w bazach danych <a href=\"https:\/\/dakimakura.store\/\">https:\/\/dakimakura.store\/<\/a> zosta\u0142y wprowadzone na podstawie informacji przekazanych przez wydawc\u00f3w. Dakimakura Store\u00ae nie ponosi odpowiedzialno\u015bci za tre\u015b\u0107 dzie\u0142 i nie mo\u017ce by\u0107 poci\u0105gni\u0119ty do odpowiedzialno\u015bci wobec nabywcy. Odpowiedzialno\u015b\u0107 Dakimakura Store\u00ae nie mo\u017ce by\u0107 szukana w przypadku wyst\u0105pienia si\u0142y wy\u017cszej (strajk, pow\u00f3d\u017a, po\u017car...). <\/p><p>Produkty oferowane s\u0105 zgodne z obowi\u0105zuj\u0105cym belgijskim prawem. Dakimakura Store\u00ae nie ponosi odpowiedzialno\u015bci, je\u015bli dostarczony artyku\u0142 nie spe\u0142nia wymog\u00f3w prawnych kraju dostawy (cenzura, zakaz tytu\u0142u lub autora...). Dakimakura Store\u00ae nie ponosi odpowiedzialno\u015bci za tre\u015b\u0107 stron internetowych, do kt\u00f3rych mog\u0105 prowadzi\u0107 linki umieszczone na jego w\u0142asnej stronie.  <\/p><h2>ARTYKU\u0141 12: PRAWO STOSOWANE<\/h2><p>Wszystkie klauzule zawarte w niniejszych og\u00f3lnych warunkach sprzeda\u017cy oraz wszystkie operacje zakupu i sprzeda\u017cy, na kt\u00f3re si\u0119 odnosz\u0105, podlegaj\u0105 belgijskiemu prawu.<\/p><h2>ARTYKU\u0141 13: AKCEPTACJA NABYWCY<\/h2><p>Niniejsze og\u00f3lne warunki sprzeda\u017cy oraz cenniki s\u0105 wyra\u017anie zaakceptowane przez nabywc\u0119, kt\u00f3ry o\u015bwiadcza i potwierdza, \u017ce posiada pe\u0142n\u0105 wiedz\u0119 na ich temat i zrzeka si\u0119 w zwi\u0105zku z tym korzystania z jakichkolwiek dokument\u00f3w sprzecznych, w szczeg\u00f3lno\u015bci swoich w\u0142asnych og\u00f3lnych warunk\u00f3w zakupu, akt zakupu oznacza akceptacj\u0119 niniejszych og\u00f3lnych warunk\u00f3w sprzeda\u017cy.<\/p><p>Niniejsze warunki mog\u0105 by\u0107 modyfikowane w dowolnym momencie.<\/p>\n\t\t\t\t\t<\/div>\n\t\t\t\t\t\t<\/div>\n\t\t\t\t<\/div>\n\t\t\t\t\t<\/div>\n\t\t<\/div>\n\t\t\t\t\t<\/div>\n\t\t<\/section>\n\t\t\t\t<\/div>\n\t\t","protected":false},"excerpt":{"rendered":"<p>Warunki korzystania ARTYKU\u0141 1: ZAKRES STOSOWANIA Niniejsze og\u00f3lne warunki sprzeda\u017cy obowi\u0105zuj\u0105 we wszystkich transakcjach sprzeda\u017cy dokonywanych za po\u015brednictwem strony internetowej<\/p>\n","protected":false},"author":1,"featured_media":0,"parent":0,"menu_order":0,"comment_status":"closed","ping_status":"closed","template":"","meta":{"_monsterinsights_skip_tracking":false,"_monsterinsights_sitenote_active":false,"_monsterinsights_sitenote_note":"","_monsterinsights_sitenote_category":0,"footnotes":""},"class_list":["post-89311","page","type-page","status-publish","hentry"],"rankMath":{"parentDomain":"dakimakura.store","noFollowDomains":[],"noFollowExcludeDomains":[],"noFollowExternalLinks":false,"featuredImageNotice":"The featured image should be at least 200 by 200 pixels to be picked up by Facebook and other social media sites.","pluginReviewed":false,"postSettings":{"linkSuggestions":true,"useFocusKeyword":false},"frontEndScore":false,"postName":"warunki-ogolne","permalinkFormat":"https:\/\/dakimakura.store\/pl\/%pagename%\/","showLockModifiedDate":true,"assessor":{"focusKeywordLink":"https:\/\/dakimakura.store\/wp-admin\/edit.php?focus_keyword=%focus_keyword%&post_type=%post_type%","hasTOCPlugin":false,"primaryTaxonomy":false,"serpData":{"title":"","description":"","focusKeywords":"","pillarContent":false,"canonicalUrl":"","breadcrumbTitle":"","advancedRobots":{"max-snippet":"-1","max-video-preview":"-1","max-image-preview":"large"},"facebookTitle":"","facebookDescription":"","facebookImage":"","facebookImageID":"","facebookHasOverlay":false,"facebookImageOverlay":"","facebookAuthor":"","twitterCardType":"","twitterUseFacebook":true,"twitterTitle":"","twitterDescription":"","twitterImage":"","twitterImageID":"","twitterHasOverlay":false,"twitterImageOverlay":"","twitterPlayerUrl":"","twitterPlayerSize":"","twitterPlayerStream":"","twitterPlayerStreamCtype":"","twitterAppDescription":"","twitterAppIphoneName":"","twitterAppIphoneID":"","twitterAppIphoneUrl":"","twitterAppIpadName":"","twitterAppIpadID":"","twitterAppIpadUrl":"","twitterAppGoogleplayName":"","twitterAppGoogleplayID":"","twitterAppGoogleplayUrl":"","twitterAppCountry":"","robots":{"noindex":true},"twitterAuthor":"username","primaryTerm":0,"authorName":"admin","titleTemplate":"%title% %sep% %sitename%","descriptionTemplate":"%excerpt%","showScoreFrontend":true,"lockModifiedDate":false},"powerWords":[],"diacritics":{"A":"[\\u0041\\u24B6\\uFF21\\u00C0\\u00C1\\u00C2\\u1EA6\\u1EA4\\u1EAA\\u1EA8\\u00C3\\u0100\\u0102\\u1EB0\\u1EAE\\u1EB4\\u1EB2\\u0226\\u01E0\\u00C4\\u01DE\\u1EA2\\u00C5\\u01FA\\u01CD\\u0200\\u0202\\u1EA0\\u1EAC\\u1EB6\\u1E00\\u0104\\u023A\\u2C6F]","AA":"[\\uA732]","AE":"[\\u00C6\\u01FC\\u01E2]","AO":"[\\uA734]","AU":"[\\uA736]","AV":"[\\uA738\\uA73A]","AY":"[\\uA73C]","B":"[\\u0042\\u24B7\\uFF22\\u1E02\\u1E04\\u1E06\\u0243\\u0182\\u0181]","C":"[\\u0043\\u24B8\\uFF23\\u0106\\u0108\\u010A\\u010C\\u00C7\\u1E08\\u0187\\u023B\\uA73E]","D":"[\\u0044\\u24B9\\uFF24\\u1E0A\\u010E\\u1E0C\\u1E10\\u1E12\\u1E0E\\u0110\\u018B\\u018A\\u0189\\uA779]","DZ":"[\\u01F1\\u01C4]","Dz":"[\\u01F2\\u01C5]","E":"[\\u0045\\u24BA\\uFF25\\u00C8\\u00C9\\u00CA\\u1EC0\\u1EBE\\u1EC4\\u1EC2\\u1EBC\\u0112\\u1E14\\u1E16\\u0114\\u0116\\u00CB\\u1EBA\\u011A\\u0204\\u0206\\u1EB8\\u1EC6\\u0228\\u1E1C\\u0118\\u1E18\\u1E1A\\u0190\\u018E]","F":"[\\u0046\\u24BB\\uFF26\\u1E1E\\u0191\\uA77B]","G":"[\\u0047\\u24BC\\uFF27\\u01F4\\u011C\\u1E20\\u011E\\u0120\\u01E6\\u0122\\u01E4\\u0193\\uA7A0\\uA77D\\uA77E]","H":"[\\u0048\\u24BD\\uFF28\\u0124\\u1E22\\u1E26\\u021E\\u1E24\\u1E28\\u1E2A\\u0126\\u2C67\\u2C75\\uA78D]","I":"[\\u0049\\u24BE\\uFF29\\u00CC\\u00CD\\u00CE\\u0128\\u012A\\u012C\\u0130\\u00CF\\u1E2E\\u1EC8\\u01CF\\u0208\\u020A\\u1ECA\\u012E\\u1E2C\\u0197]","J":"[\\u004A\\u24BF\\uFF2A\\u0134\\u0248]","K":"[\\u004B\\u24C0\\uFF2B\\u1E30\\u01E8\\u1E32\\u0136\\u1E34\\u0198\\u2C69\\uA740\\uA742\\uA744\\uA7A2]","L":"[\\u004C\\u24C1\\uFF2C\\u013F\\u0139\\u013D\\u1E36\\u1E38\\u013B\\u1E3C\\u1E3A\\u0141\\u023D\\u2C62\\u2C60\\uA748\\uA746\\uA780]","LJ":"[\\u01C7]","Lj":"[\\u01C8]","M":"[\\u004D\\u24C2\\uFF2D\\u1E3E\\u1E40\\u1E42\\u2C6E\\u019C]","N":"[\\u004E\\u24C3\\uFF2E\\u01F8\\u0143\\u00D1\\u1E44\\u0147\\u1E46\\u0145\\u1E4A\\u1E48\\u0220\\u019D\\uA790\\uA7A4]","NJ":"[\\u01CA]","Nj":"[\\u01CB]","O":"[\\u004F\\u24C4\\uFF2F\\u00D2\\u00D3\\u00D4\\u1ED2\\u1ED0\\u1ED6\\u1ED4\\u00D5\\u1E4C\\u022C\\u1E4E\\u014C\\u1E50\\u1E52\\u014E\\u022E\\u0230\\u00D6\\u022A\\u1ECE\\u0150\\u01D1\\u020C\\u020E\\u01A0\\u1EDC\\u1EDA\\u1EE0\\u1EDE\\u1EE2\\u1ECC\\u1ED8\\u01EA\\u01EC\\u00D8\\u01FE\\u0186\\u019F\\uA74A\\uA74C]","OI":"[\\u01A2]","OO":"[\\uA74E]","OU":"[\\u0222]","P":"[\\u0050\\u24C5\\uFF30\\u1E54\\u1E56\\u01A4\\u2C63\\uA750\\uA752\\uA754]","Q":"[\\u0051\\u24C6\\uFF31\\uA756\\uA758\\u024A]","R":"[\\u0052\\u24C7\\uFF32\\u0154\\u1E58\\u0158\\u0210\\u0212\\u1E5A\\u1E5C\\u0156\\u1E5E\\u024C\\u2C64\\uA75A\\uA7A6\\uA782]","S":"[\\u0053\\u24C8\\uFF33\\u1E9E\\u015A\\u1E64\\u015C\\u1E60\\u0160\\u1E66\\u1E62\\u1E68\\u0218\\u015E\\u2C7E\\uA7A8\\uA784]","T":"[\\u0054\\u24C9\\uFF34\\u1E6A\\u0164\\u1E6C\\u021A\\u0162\\u1E70\\u1E6E\\u0166\\u01AC\\u01AE\\u023E\\uA786]","TZ":"[\\uA728]","U":"[\\u0055\\u24CA\\uFF35\\u00D9\\u00DA\\u00DB\\u0168\\u1E78\\u016A\\u1E7A\\u016C\\u00DC\\u01DB\\u01D7\\u01D5\\u01D9\\u1EE6\\u016E\\u0170\\u01D3\\u0214\\u0216\\u01AF\\u1EEA\\u1EE8\\u1EEE\\u1EEC\\u1EF0\\u1EE4\\u1E72\\u0172\\u1E76\\u1E74\\u0244]","V":"[\\u0056\\u24CB\\uFF36\\u1E7C\\u1E7E\\u01B2\\uA75E\\u0245]","VY":"[\\uA760]","W":"[\\u0057\\u24CC\\uFF37\\u1E80\\u1E82\\u0174\\u1E86\\u1E84\\u1E88\\u2C72]","X":"[\\u0058\\u24CD\\uFF38\\u1E8A\\u1E8C]","Y":"[\\u0059\\u24CE\\uFF39\\u1EF2\\u00DD\\u0176\\u1EF8\\u0232\\u1E8E\\u0178\\u1EF6\\u1EF4\\u01B3\\u024E\\u1EFE]","Z":"[\\u005A\\u24CF\\uFF3A\\u0179\\u1E90\\u017B\\u017D\\u1E92\\u1E94\\u01B5\\u0224\\u2C7F\\u2C6B\\uA762]","a":"[\\u0061\\u24D0\\uFF41\\u1E9A\\u00E0\\u00E1\\u00E2\\u1EA7\\u1EA5\\u1EAB\\u1EA9\\u00E3\\u0101\\u0103\\u1EB1\\u1EAF\\u1EB5\\u1EB3\\u0227\\u01E1\\u00E4\\u01DF\\u1EA3\\u00E5\\u01FB\\u01CE\\u0201\\u0203\\u1EA1\\u1EAD\\u1EB7\\u1E01\\u0105\\u2C65\\u0250]","aa":"[\\uA733]","ae":"[\\u00E6\\u01FD\\u01E3]","ao":"[\\uA735]","au":"[\\uA737]","av":"[\\uA739\\uA73B]","ay":"[\\uA73D]","b":"[\\u0062\\u24D1\\uFF42\\u1E03\\u1E05\\u1E07\\u0180\\u0183\\u0253]","c":"[\\u0063\\u24D2\\uFF43\\u0107\\u0109\\u010B\\u010D\\u00E7\\u1E09\\u0188\\u023C\\uA73F\\u2184]","d":"[\\u0064\\u24D3\\uFF44\\u1E0B\\u010F\\u1E0D\\u1E11\\u1E13\\u1E0F\\u0111\\u018C\\u0256\\u0257\\uA77A]","dz":"[\\u01F3\\u01C6]","e":"[\\u0065\\u24D4\\uFF45\\u00E8\\u00E9\\u00EA\\u1EC1\\u1EBF\\u1EC5\\u1EC3\\u1EBD\\u0113\\u1E15\\u1E17\\u0115\\u0117\\u00EB\\u1EBB\\u011B\\u0205\\u0207\\u1EB9\\u1EC7\\u0229\\u1E1D\\u0119\\u1E19\\u1E1B\\u0247\\u025B\\u01DD]","f":"[\\u0066\\u24D5\\uFF46\\u1E1F\\u0192\\uA77C]","g":"[\\u0067\\u24D6\\uFF47\\u01F5\\u011D\\u1E21\\u011F\\u0121\\u01E7\\u0123\\u01E5\\u0260\\uA7A1\\u1D79\\uA77F]","h":"[\\u0068\\u24D7\\uFF48\\u0125\\u1E23\\u1E27\\u021F\\u1E25\\u1E29\\u1E2B\\u1E96\\u0127\\u2C68\\u2C76\\u0265]","hv":"[\\u0195]","i":"[\\u0069\\u24D8\\uFF49\\u00EC\\u00ED\\u00EE\\u0129\\u012B\\u012D\\u00EF\\u1E2F\\u1EC9\\u01D0\\u0209\\u020B\\u1ECB\\u012F\\u1E2D\\u0268\\u0131]","j":"[\\u006A\\u24D9\\uFF4A\\u0135\\u01F0\\u0249]","k":"[\\u006B\\u24DA\\uFF4B\\u1E31\\u01E9\\u1E33\\u0137\\u1E35\\u0199\\u2C6A\\uA741\\uA743\\uA745\\uA7A3]","l":"[\\u006C\\u24DB\\uFF4C\\u0140\\u013A\\u013E\\u1E37\\u1E39\\u013C\\u1E3D\\u1E3B\\u017F\\u0142\\u019A\\u026B\\u2C61\\uA749\\uA781\\uA747]","lj":"[\\u01C9]","m":"[\\u006D\\u24DC\\uFF4D\\u1E3F\\u1E41\\u1E43\\u0271\\u026F]","n":"[\\u006E\\u24DD\\uFF4E\\u01F9\\u0144\\u00F1\\u1E45\\u0148\\u1E47\\u0146\\u1E4B\\u1E49\\u019E\\u0272\\u0149\\uA791\\uA7A5]","nj":"[\\u01CC]","o":"[\\u006F\\u24DE\\uFF4F\\u00F2\\u00F3\\u00F4\\u1ED3\\u1ED1\\u1ED7\\u1ED5\\u00F5\\u1E4D\\u022D\\u1E4F\\u014D\\u1E51\\u1E53\\u014F\\u022F\\u0231\\u00F6\\u022B\\u1ECF\\u0151\\u01D2\\u020D\\u020F\\u01A1\\u1EDD\\u1EDB\\u1EE1\\u1EDF\\u1EE3\\u1ECD\\u1ED9\\u01EB\\u01ED\\u00F8\\u01FF\\u0254\\uA74B\\uA74D\\u0275]","oi":"[\\u01A3]","ou":"[\\u0223]","oo":"[\\uA74F]","p":"[\\u0070\\u24DF\\uFF50\\u1E55\\u1E57\\u01A5\\u1D7D\\uA751\\uA753\\uA755]","q":"[\\u0071\\u24E0\\uFF51\\u024B\\uA757\\uA759]","r":"[\\u0072\\u24E1\\uFF52\\u0155\\u1E59\\u0159\\u0211\\u0213\\u1E5B\\u1E5D\\u0157\\u1E5F\\u024D\\u027D\\uA75B\\uA7A7\\uA783]","s":"[\\u0073\\u24E2\\uFF53\\u015B\\u1E65\\u015D\\u1E61\\u0161\\u1E67\\u1E63\\u1E69\\u0219\\u015F\\u023F\\uA7A9\\uA785\\u1E9B]","ss":"[\\u00DF]","t":"[\\u0074\\u24E3\\uFF54\\u1E6B\\u1E97\\u0165\\u1E6D\\u021B\\u0163\\u1E71\\u1E6F\\u0167\\u01AD\\u0288\\u2C66\\uA787]","tz":"[\\uA729]","u":"[\\u0075\\u24E4\\uFF55\\u00F9\\u00FA\\u00FB\\u0169\\u1E79\\u016B\\u1E7B\\u016D\\u00FC\\u01DC\\u01D8\\u01D6\\u01DA\\u1EE7\\u016F\\u0171\\u01D4\\u0215\\u0217\\u01B0\\u1EEB\\u1EE9\\u1EEF\\u1EED\\u1EF1\\u1EE5\\u1E73\\u0173\\u1E77\\u1E75\\u0289]","v":"[\\u0076\\u24E5\\uFF56\\u1E7D\\u1E7F\\u028B\\uA75F\\u028C]","vy":"[\\uA761]","w":"[\\u0077\\u24E6\\uFF57\\u1E81\\u1E83\\u0175\\u1E87\\u1E85\\u1E98\\u1E89\\u2C73]","x":"[\\u0078\\u24E7\\uFF58\\u1E8B\\u1E8D]","y":"[\\u0079\\u24E8\\uFF59\\u1EF3\\u00FD\\u0177\\u1EF9\\u0233\\u1E8F\\u00FF\\u1EF7\\u1E99\\u1EF5\\u01B4\\u024F\\u1EFF]","z":"[\\u007A\\u24E9\\uFF5A\\u017A\\u1E91\\u017C\\u017E\\u1E93\\u1E95\\u01B6\\u0225\\u0240\\u2C6C\\uA763]"},"researchesTests":["contentHasTOC","contentHasShortParagraphs","contentHasAssets","keywordInTitle","keywordInMetaDescription","keywordInPermalink","keywordIn10Percent","keywordInContent","keywordInSubheadings","keywordInImageAlt","keywordDensity","keywordNotUsed","lengthContent","lengthPermalink","linksHasInternal","linksHasExternals","linksNotAllExternals","titleStartWithKeyword","titleSentiment","titleHasPowerWords","titleHasNumber","hasContentAI"],"hasRedirection":true,"hasBreadcrumb":false},"homeUrl":"https:\/\/dakimakura.store\/pl\/","objectID":89311,"objectType":"post","locale":"pl","localeFull":"pl_PL","overlayImages":{"play":{"name":"Play icon","url":"https:\/\/dakimakura.store\/wp-content\/plugins\/seo-by-rank-math\/assets\/admin\/img\/icon-play.png","path":"\/home\/meda2795\/dakimakura.store\/wp-content\/plugins\/seo-by-rank-math\/assets\/admin\/img\/icon-play.png","position":"middle_center"},"gif":{"name":"GIF icon","url":"https:\/\/dakimakura.store\/wp-content\/plugins\/seo-by-rank-math\/assets\/admin\/img\/icon-gif.png","path":"\/home\/meda2795\/dakimakura.store\/wp-content\/plugins\/seo-by-rank-math\/assets\/admin\/img\/icon-gif.png","position":"middle_center"}},"defautOgImage":"https:\/\/dakimakura.store\/wp-content\/plugins\/seo-by-rank-math\/assets\/admin\/img\/social-placeholder.jpg","customPermalinks":true,"isUserRegistered":true,"autoSuggestKeywords":true,"connectSiteUrl":"https:\/\/rankmath.com\/auth?site=https%3A%2F%2Fdakimakura.store%2Fpl%2F&r=https%3A%2F%2Fdakimakura.store%2Fpl%2Fwp-json%2Fwp%2Fv2%2Fpages%2F89311%3Fnonce%3D32787d99c1&pro=1","maxTags":100,"trendsIcon":"<svg viewBox=\"0 0 610 610\"><path d=\"M18.85,446,174.32,290.48l58.08,58.08L76.93,504a14.54,14.54,0,0,1-20.55,0L18.83,466.48a14.54,14.54,0,0,1,0-20.55Z\" style=\"fill:#4285f4\"\/><path d=\"M242.65,242.66,377.59,377.6l-47.75,47.75a14.54,14.54,0,0,1-20.55,0L174.37,290.43l47.75-47.75A14.52,14.52,0,0,1,242.65,242.66Z\" style=\"fill:#ea4335\"\/><polygon points=\"319.53 319.53 479.26 159.8 537.34 217.88 377.61 377.62 319.53 319.53\" style=\"fill:#fabb05\"\/><path d=\"M594.26,262.73V118.61h0a16.94,16.94,0,0,0-16.94-16.94H433.2a16.94,16.94,0,0,0-12,28.92L565.34,274.71h0a16.94,16.94,0,0,0,28.92-12Z\" style=\"fill:#34a853\"\/><rect width=\"610\" height=\"610\" style=\"fill:none\"\/><\/svg>","showScore":true,"siteFavIcon":"https:\/\/dakimakura.store\/wp-content\/uploads\/2023\/07\/cropped-dakimakura-favicon-1-32x32.png","canUser":{"general":false,"advanced":false,"snippet":false,"social":false,"analysis":false,"analytics":false,"content_ai":false},"showKeywordIntent":true,"isPro":true,"is_front_page":false,"trendsUpgradeLink":"https:\/\/rankmath.com\/pricing\/?utm_source=Plugin&utm_medium=CE%20General%20Tab%20Trends&utm_campaign=WP","trendsUpgradeLabel":"Upgrade","trendsPreviewImage":"https:\/\/dakimakura.store\/wp-content\/plugins\/seo-by-rank-math\/assets\/admin\/img\/trends-preview.jpg","currentEditor":false,"homepageData":{"assessor":{"powerWords":[],"diacritics":true,"researchesTests":["contentHasTOC","contentHasShortParagraphs","contentHasAssets","keywordInTitle","keywordInMetaDescription","keywordInPermalink","keywordIn10Percent","keywordInContent","keywordInSubheadings","keywordInImageAlt","keywordDensity","keywordNotUsed","lengthContent","lengthPermalink","linksHasInternal","linksHasExternals","linksNotAllExternals","titleStartWithKeyword","titleSentiment","titleHasPowerWords","titleHasNumber","hasContentAI"],"hasBreadcrumb":false,"serpData":{"title":"%sitename% %page% %sep% %sitedesc%","description":"","titleTemplate":"%sitename% %page% %sep% %sitedesc%","descriptionTemplate":"","focusKeywords":"","breadcrumbTitle":"Home","robots":{"index":true},"advancedRobots":{"max-snippet":"-1","max-video-preview":"-1","max-image-preview":"large"},"facebookTitle":"","facebookDescription":"","facebookImage":"","facebookImageID":""}}},"searchIntents":[],"isAnalyticsConnected":true,"tocTitle":"Table of Contents","tocExcludeHeadings":[],"listStyle":"ul"},"_links":{"self":[{"href":"https:\/\/dakimakura.store\/pl\/wp-json\/wp\/v2\/pages\/89311","targetHints":{"allow":["GET"]}}],"collection":[{"href":"https:\/\/dakimakura.store\/pl\/wp-json\/wp\/v2\/pages"}],"about":[{"href":"https:\/\/dakimakura.store\/pl\/wp-json\/wp\/v2\/types\/page"}],"author":[{"embeddable":true,"href":"https:\/\/dakimakura.store\/pl\/wp-json\/wp\/v2\/users\/1"}],"replies":[{"embeddable":true,"href":"https:\/\/dakimakura.store\/pl\/wp-json\/wp\/v2\/comments?post=89311"}],"version-history":[{"count":0,"href":"https:\/\/dakimakura.store\/pl\/wp-json\/wp\/v2\/pages\/89311\/revisions"}],"wp:attachment":[{"href":"https:\/\/dakimakura.store\/pl\/wp-json\/wp\/v2\/media?parent=89311"}],"curies":[{"name":"wp","href":"https:\/\/api.w.org\/{rel}","templated":true}]}}