{"id":85619,"date":"2023-08-04T12:49:56","date_gmt":"2023-08-04T10:49:56","guid":{"rendered":"https:\/\/www.dakimakura.store\/products\/poduszka-dakimakura\/"},"modified":"2023-08-05T20:34:17","modified_gmt":"2023-08-05T18:34:17","slug":"poduszka-dakimakura","status":"publish","type":"product","link":"https:\/\/dakimakura.store\/pl\/products\/poduszka-dakimakura\/","title":{"rendered":"Poduszka Dakimakura"},"content":{"rendered":"<h2>Poduszka dakimakura: niezast\u0105piony towarzysz snu, zapewniaj\u0105cy s\u0142odkie i regeneruj\u0105ce noce<\/h2>\n<p>Szukasz sposobu, aby podnie\u015b\u0107 jako\u015b\u0107 swojego snu, jednocze\u015bnie ciesz\u0105c si\u0119 optymalnym komfortem? Nie szukaj dalej, poduszka dakimakura jest tu, by zaspokoi\u0107 Twoje potrzeby. Ta wyj\u0105tkowa poduszka \u0142\u0105czy w sobie mi\u0119kko\u015b\u0107, wsparcie i styl, zapewniaj\u0105c Ci spokojne i przyjemne noce. Bez wzgl\u0119du na to, czy szukasz towarzysza do snu, relaksuj\u0105cej poduszki czy oryginalnego prezentu, poduszka dakimakura jest stworzona dla Ciebie.<\/p>\n<h2>Czym jest poduszka dakimakura?<\/h2>\n<p>Poduszka dakimakura to prostok\u0105tna poduszka, cz\u0119sto u\u017cywana jako wsparcie dla mi\u0142o\u015bnik\u00f3w anime, gier wideo i japo\u0144skiej kultury. Zazwyczaj pokryta jest nadrukowan\u0105 poszewk\u0105, na kt\u00f3rej znajduj\u0105 si\u0119 postacie z mangi, artystyczne ilustracje lub spersonalizowane wzory. Dzi\u0119ki swojemu wyd\u0142u\u017conemu kszta\u0142towi i mi\u0119kkiej teksturze, poduszka dakimakura zapewnia optymalne wsparcie dla szyi, ramion i plec\u00f3w, umo\u017cliwiaj\u0105c Ci pe\u0142ny relaks podczas snu.<\/p>\n<h2>Cechy charakterystyczne poduszki dakimakura<\/h2>\n<p>Jednym z godnych uwagi zalet poduszki dakimakura jest jej wszechstronno\u015b\u0107. Dost\u0119pna w r\u00f3\u017cnych rozmiarach, mo\u017cesz wybra\u0107 ten, kt\u00f3ry najlepiej odpowiada Twoim preferencjom i wielko\u015bci \u0142\u00f3\u017cka. Bez wzgl\u0119du na to, czy wybierzesz standardowy rozmiar czy wi\u0119ksz\u0105 wersj\u0119, masz pewno\u015b\u0107, \u017ce znajdziesz poduszk\u0119 odpowiedni\u0105 dla Twoich potrzeb. Ponadto, poduszka dakimakura jest cz\u0119sto zaprojektowana w taki spos\u00f3b, aby by\u0142a odwracalna, pozwalaj\u0105c Ci zmienia\u0107 wz\u00f3r i atmosfer\u0119 w zale\u017cno\u015bci od nastroju.<\/p>\n<p>Jako\u015b\u0107 Twojego snu jest niezwykle wa\u017cna, i tutaj poduszka dakimakura wyr\u00f3\u017cnia si\u0119. Jej mi\u0119kka i puszysta tekstura otula Ci\u0119 delikatnie, zapewniaj\u0105c Ci ostateczny komfort podczas snu. Bez wzgl\u0119du na to, czy \u015bpisz na brzuchu, plecach czy boku, ta poduszka idealnie dopasowuje si\u0119 do Twojej pozycji, \u0142agodz\u0105c napi\u0119cia i wspieraj\u0105c prawid\u0142owe wyprostowanie kr\u0119gos\u0142upa. Dzi\u0119ki swojemu optymalnemu wsparciu, poduszka dakimakura pomaga zapobiega\u0107 b\u00f3lom plec\u00f3w i b\u00f3lom szyi, pozwalaj\u0105c Ci budzi\u0107 si\u0119 ka\u017cdego ranka od\u015bwie\u017conym i gotowym do podj\u0119cia nowego dnia.<\/p>\n<h2>Towarzysz snu w walce z samotno\u015bci\u0105<\/h2>\n<p>Poduszka dakimakura nie ogranicza si\u0119 tylko do swoich walor\u00f3w snu, jest r\u00f3wnie\u017c sojusznikiem w walce z samotno\u015bci\u0105. Wyobra\u017a sobie, \u017ce przytulasz si\u0119 do swojego ulubionego husbando lub waifu, czuj\u0105c otoczenie ciep\u0142em i uczuciem. Ta poduszka to o wiele wi\u0119cej ni\u017c zwyk\u0142y przedmiot, staje si\u0119 prawdziwym towarzyszem nocy, kt\u00f3ry przynosi Ci pocieszenie i poczucie przynale\u017cno\u015bci. Pozwala Ci nawi\u0105za\u0107 emocjonalne po\u0142\u0105czenie z postaci\u0105 przedstawion\u0105 na poszewce, daj\u0105c Ci wra\u017cenie, \u017ce jeste\u015b w dobrym towarzystwie, nawet gdy jeste\u015b sam(a).<\/p>\n<h2>Mi\u0142o\u015b\u0107 i komfort na wyci\u0105gni\u0119cie ramion<\/h2>\n<p>Samo przytulanie poduszki dakimakura mo\u017ce wywo\u0142a\u0107 ogromne uczucia mi\u0142o\u015bci i komfortu. Mo\u017cesz odda\u0107 si\u0119 chwili relaksu, wtulaj\u0105c si\u0119 w swoj\u0105 poduszk\u0119, czuj\u0105c ca\u0142\u0105 jej mi\u0119kko\u015b\u0107 i ciep\u0142o. Przyjemne wra\u017cenie dotyku jej mi\u0119kkiej powierzchni zapewnia uspokajaj\u0105ce odczucia, redukuj\u0105c stres i sprzyjaj\u0105c relaksacji. U\u015bcisk poduszki dakimakura mo\u017ce by\u0107 \u017ar\u00f3d\u0142em pocieszenia w smutnych lub samotnych chwilach, przynosz\u0105c Ci poczucie bezpiecze\u0144stwa i dobrostanu.<\/p>\n<h2>Oryginalny i wyj\u0105tkowy prezent do podarowania<\/h2>\n<p>Poza tym, \u017ce jest towarzyszem snu i sojusznikiem w walce z samotno\u015bci\u0105, poduszka dakimakura to oryginalny prezent, kt\u00f3ry mo\u017cna podarowa\u0107 bliskim lub sobie. Bez wzgl\u0119du na to, czy jest to urodziny, specjalna okazja czy po prostu wyraz sympatii, ta spersonalizowana poduszka to unikalny pomys\u0142, kt\u00f3ry z pewno\u015bci\u0105 zaskoczy i ucieszy obdarowanego. Podarowanie poduszki dakimakura to ofiarowanie poprawy jako\u015bci snu, poczucia blisko\u015bci z ukochan\u0105 postaci\u0105 i uwagi, kt\u00f3ra nie zostanie niezauwa\u017cona.<\/p>\n<h2>Nasz zesp\u00f3\u0142 obs\u0142ugi klienta: na Twoj\u0105 s\u0142uch<\/h2>\n<p>Jeste\u015bmy dumni z oferowania naszym klientom obs\u0142ugi najwy\u017cszej jako\u015bci. Nasz oddany zesp\u00f3\u0142 jest tu, aby odpowiedzie\u0107 na wszystkie Twoje pytania, pom\u00f3c Ci w wyborze odpowiedniej poduszki dakimakura i zapewni\u0107 Ci bezproblemowe do\u015bwiadczenie zakupowe. Zobowi\u0105zujemy si\u0119 dostarcza<\/p>\n<p>\u0107 produkty najwy\u017cszej jako\u015bci i zapewni\u0107 spersonalizowan\u0105 obs\u0142ug\u0119, aby zapewni\u0107 Ci pe\u0142ne zadowolenie. Skontaktuj si\u0119 z nami, z przyjemno\u015bci\u0105 pomo\u017cemy Ci w poszukiwaniu idealnej poduszki dakimakura.<\/p>\n<p>Podsumowuj\u0105c, poduszka dakimakura to znacznie wi\u0119cej ni\u017c zwyk\u0142a poduszka. Oferuje ulepszon\u0105 jako\u015b\u0107 snu, ciep\u0142e towarzystwo, ostateczny komfort i mo\u017cliwo\u015b\u0107 nawi\u0105zania po\u0142\u0105czenia z ukochanymi postaciami. Stanowi doskona\u0142e po\u0142\u0105czenie praktyczno\u015bci i estetyki, dzi\u0119ki czemu jest nieodzownym elementem dla mi\u0142o\u015bnik\u00f3w kultury japo\u0144skiej, fan\u00f3w anime i wszystkich tych, kt\u00f3rzy poszukuj\u0105 jako\u015bciowego snu. Nie rezygnuj z komfortu i dobrego samopoczucia, pozw\u00f3l si\u0119 oczarowa\u0107 wieloma zaletami poduszki dakimakura i odkryj przyjemno\u015b\u0107 spokojnego i regeneruj\u0105cego snu.<\/p>\n","protected":false},"excerpt":{"rendered":"<ul>\n<li><strong>Darmowa dostawa przy ka\u017cdym zam\u00f3wieniu.<\/strong><\/li>\n<li><strong>Mi\u0119kka i przyjemna poduszka<\/strong> do przytulania, idealna na spokojn\u0105 noc.<\/li>\n<li>Materia\u0142:\n<ul>\n<li>Obudowa: <strong>100% poliester<\/strong>.<\/li>\n<li>Wype\u0142nienie: <strong>poliester i bawe\u0142na<\/strong>.<\/li>\n<\/ul>\n<\/li>\n<li><strong>Mo\u017cna pra\u0107 w pralce<\/strong>.<\/li>\n<li><strong>Zachowana dyskrecja<\/strong>: paczki i potwierdzenia p\u0142atno\u015bci bez informacji o &#8220;Dakimakura Store&#8221;.<\/li>\n<\/ul>\n","protected":false},"featured_media":82543,"comment_status":"closed","ping_status":"open","template":"","meta":{"_monsterinsights_skip_tracking":false,"_monsterinsights_sitenote_active":false,"_monsterinsights_sitenote_note":"","_monsterinsights_sitenote_category":0},"product_brand":[],"product_cat":[10460],"product_tag":[],"class_list":{"0":"post-85619","1":"product","2":"type-product","3":"status-publish","4":"has-post-thumbnail","6":"product_cat-uncategorized","7":"pa_rozmiar-40x120cm","8":"pa_rozmiar-50x150cm","9":"pa_rozmiar-50x160cm","11":"first","12":"instock","13":"product-type-variable"},"_links":{"self":[{"href":"https:\/\/dakimakura.store\/pl\/wp-json\/wp\/v2\/product\/85619","targetHints":{"allow":["GET"]}}],"collection":[{"href":"https:\/\/dakimakura.store\/pl\/wp-json\/wp\/v2\/product"}],"about":[{"href":"https:\/\/dakimakura.store\/pl\/wp-json\/wp\/v2\/types\/product"}],"replies":[{"embeddable":true,"href":"https:\/\/dakimakura.store\/pl\/wp-json\/wp\/v2\/comments?post=85619"}],"version-history":[{"count":0,"href":"https:\/\/dakimakura.store\/pl\/wp-json\/wp\/v2\/product\/85619\/revisions"}],"wp:featuredmedia":[{"embeddable":true,"href":"https:\/\/dakimakura.store\/pl\/wp-json\/wp\/v2\/media\/82543"}],"wp:attachment":[{"href":"https:\/\/dakimakura.store\/pl\/wp-json\/wp\/v2\/media?parent=85619"}],"wp:term":[{"taxonomy":"product_brand","embeddable":true,"href":"https:\/\/dakimakura.store\/pl\/wp-json\/wp\/v2\/product_brand?post=85619"},{"taxonomy":"product_cat","embeddable":true,"href":"https:\/\/dakimakura.store\/pl\/wp-json\/wp\/v2\/product_cat?post=85619"},{"taxonomy":"product_tag","embeddable":true,"href":"https:\/\/dakimakura.store\/pl\/wp-json\/wp\/v2\/product_tag?post=85619"}],"curies":[{"name":"wp","href":"https:\/\/api.w.org\/{rel}","templated":true}]}}